{"id":1635,"date":"2016-08-02T10:18:20","date_gmt":"2016-08-02T10:18:20","guid":{"rendered":"http:\/\/www.haircosmetic.net\/de\/?page_id=1635"},"modified":"2024-12-06T08:48:10","modified_gmt":"2024-12-06T08:48:10","slug":"home-de","status":"publish","type":"page","link":"https:\/\/www.haircosmetic.net\/de","title":{"rendered":"Home"},"content":{"rendered":"<div class=\"fusion-fullwidth fullwidth-box fusion-builder-row-1 nonhundred-percent-fullwidth non-hundred-percent-height-scrolling\" style=\"background-color: rgba(255,255,255,0);background-position: left top;background-repeat: no-repeat;padding-top:0px;padding-right:0px;padding-bottom:0px;padding-left:0px;margin-bottom: 0px;margin-top: 0px;border-width: 0px 0px 0px 0px;border-color:#eae9e9;border-style:solid;\" ><div class=\"fusion-builder-row fusion-row\"><div class=\"fusion-layout-column fusion_builder_column fusion-builder-column-0 fusion_builder_column_1_1 1_1 fusion-one-full fusion-column-first fusion-column-last fusion-column-no-min-height\" style=\"margin-top:0px;margin-bottom:0px;\"><div class=\"fusion-column-wrapper fusion-flex-column-wrapper-legacy\" style=\"background-position:left top;background-repeat:no-repeat;-webkit-background-size:cover;-moz-background-size:cover;-o-background-size:cover;background-size:cover;padding: 0px 0px 0px 0px;\"><div class=\"fusion-text fusion-text-1\"><h1 style=\"text-align: center;\">PRODUKTE, AUSR\u00dcSTUNG UND M\u00d6BEL<\/h1>\n<h2 style=\"text-align: center;\">F\u00dcR FRISEURE UND PARF\u00dcMERIE<\/h2>\n<p style=\"text-align: justify;\">Unser Unternehmen liefert qualitativ hochwertige Produkte an Friseure und Kosmetiker.<\/p>\n<p style=\"text-align: justify;\">Bei uns finden Sie Accessoires und M\u00f6bel f\u00fcr Ihren Friseursalon, professionelle Ausr\u00fcstung und alles, was Sie f\u00fcr Ihr Unternehmen brauchen: Haarf\u00e4rbemitteln, Schminkartikeln, Parf\u00fcms, Schmuckartikeln und Accessoires. Wir bieten unter anderem: F\u00f6ne, Lockenst\u00e4be, Haarf\u00e4rbemitteln, Haarpflegeprodukte und viele andere Produkte. Wir haben auch M\u00f6bel und Einrichtungsgegenst\u00e4nde f\u00fcr den Friseursalon.<\/p>\n<p style=\"text-align: justify;\">Hair Cosmetic ist ein Spezialist f\u00fcr die Sch\u00f6nheit der Haare und hat in den letzten Jahre eine gro\u00dfe Erfahrung gesammelt. Diese Erfahrung erm\u00f6glicht es uns, hochqualitative und professionelle kosmetische Produkte in st\u00e4ndiger Entwicklung bieten zu k\u00f6nnen. Hair Cosmetic Bozen ist immer mit den Neuigkeiten im Kosmetikbereich aktualisiert und deren Verwendung von sorgf\u00e4ltig ausgew\u00e4hlten Rohstoffe.<\/p>\n<p style=\"text-align: justify;\">Hair Cosmetic bietet hochwertige Produkte, die speziell f\u00fcr Friseure und Sch\u00f6nheitszentren gedacht sind.<\/p>\n<p style=\"text-align: justify;\">Wir verkaufen auch im Einzelhandel.<\/p>\n<\/div><div class=\"fusion-clearfix\"><\/div><\/div><\/div><div class=\"fusion-layout-column fusion_builder_column fusion-builder-column-1 fusion_builder_column_1_1 1_1 fusion-one-full fusion-column-first fusion-column-last fusion-column-no-min-height\" style=\"margin-top:0px;margin-bottom:0px;\"><div class=\"fusion-column-wrapper fusion-flex-column-wrapper-legacy\" style=\"background-position:left top;background-repeat:no-repeat;-webkit-background-size:cover;-moz-background-size:cover;-o-background-size:cover;background-size:cover;padding: 0px 0px 0px 0px;\"><div class=\"fusion-image-carousel fusion-image-carousel-fixed fusion-image-carousel-1 lightbox-enabled fusion-carousel-border\"><div class=\"fusion-carousel\" data-autoplay=\"yes\" data-columns=\"5\" data-itemmargin=\"13\" data-itemwidth=\"180\" data-touchscroll=\"no\" data-imagesize=\"fixed\" data-scrollitems=\"1\"><div class=\"fusion-carousel-positioner\"><ul class=\"fusion-carousel-holder\"><li class=\"fusion-carousel-item\"><div class=\"fusion-carousel-item-wrapper\"><div class=\"fusion-image-wrapper hover-type-zoomin\"><a data-rel=\"iLightbox[image_carousel_1]\" href=\"http:\/\/www.haircosmetic.net\/wp-content\/uploads\/hair-cosmetic-prodotti-parrucchieri-bellezza-bolzano-bozen-trentino-alto-adige-bz-loghi-partner16.jpg\" target=\"_self\"><img decoding=\"async\" src=\"http:\/\/www.haircosmetic.net\/wp-content\/uploads\/hair-cosmetic-prodotti-parrucchieri-bellezza-bolzano-bozen-trentino-alto-adige-bz-loghi-partner16.jpg\" alt=\"\"\/><\/a><\/div><\/div><\/li><li class=\"fusion-carousel-item\"><div class=\"fusion-carousel-item-wrapper\"><div class=\"fusion-image-wrapper hover-type-zoomin\"><a data-rel=\"iLightbox[image_carousel_1]\" data-title=\"maxxelle-hair-cosmetic-prodotti-parrucchieri-bellezza-bolzano-bozen-trentino-alto-adige-bz\" aria-label=\"maxxelle-hair-cosmetic-prodotti-parrucchieri-bellezza-bolzano-bozen-trentino-alto-adige-bz\" href=\"https:\/\/www.haircosmetic.net\/wp-content\/uploads\/maxxelle-hair-cosmetic-prodotti-parrucchieri-bellezza-bolzano-bozen-trentino-alto-adige-bz.png\" target=\"_self\"><img decoding=\"async\" width=\"320\" height=\"202\" src=\"https:\/\/www.haircosmetic.net\/wp-content\/uploads\/maxxelle-hair-cosmetic-prodotti-parrucchieri-bellezza-bolzano-bozen-trentino-alto-adige-bz-320x202.png\" class=\"attachment-blog-medium size-blog-medium\" alt=\"\" \/><\/a><\/div><\/div><\/li><li class=\"fusion-carousel-item\"><div class=\"fusion-carousel-item-wrapper\"><div class=\"fusion-image-wrapper hover-type-zoomin\"><a data-rel=\"iLightbox[image_carousel_1]\" href=\"http:\/\/www.haircosmetic.net\/wp-content\/uploads\/hair-cosmetic-prodotti-parrucchieri-bellezza-bolzano-bozen-trentino-alto-adige-bz-loghi-partner4.jpg\" target=\"_self\"><img decoding=\"async\" src=\"http:\/\/www.haircosmetic.net\/wp-content\/uploads\/hair-cosmetic-prodotti-parrucchieri-bellezza-bolzano-bozen-trentino-alto-adige-bz-loghi-partner4.jpg\" alt=\"\"\/><\/a><\/div><\/div><\/li><li class=\"fusion-carousel-item\"><div class=\"fusion-carousel-item-wrapper\"><div class=\"fusion-image-wrapper hover-type-zoomin\"><a data-rel=\"iLightbox[image_carousel_1]\" data-title=\"hair-cosmetic-prodotti-parrucchieri-bellezza-bolzano-bozen-trentino-alto-adige-bz-logo-mi-ma-re\" aria-label=\"hair-cosmetic-prodotti-parrucchieri-bellezza-bolzano-bozen-trentino-alto-adige-bz-logo-mi-ma-re\" href=\"https:\/\/www.haircosmetic.net\/wp-content\/uploads\/hair-cosmetic-prodotti-parrucchieri-bellezza-bolzano-bozen-trentino-alto-adige-bz-logo-mi-ma-re.jpg\" target=\"_self\"><img decoding=\"async\" width=\"320\" height=\"202\" src=\"https:\/\/www.haircosmetic.net\/wp-content\/uploads\/hair-cosmetic-prodotti-parrucchieri-bellezza-bolzano-bozen-trentino-alto-adige-bz-logo-mi-ma-re-320x202.jpg\" class=\"attachment-blog-medium size-blog-medium\" alt=\"\" \/><\/a><\/div><\/div><\/li><li class=\"fusion-carousel-item\"><div class=\"fusion-carousel-item-wrapper\"><div class=\"fusion-image-wrapper hover-type-zoomin\"><a data-rel=\"iLightbox[image_carousel_1]\" href=\"http:\/\/www.haircosmetic.net\/wp-content\/uploads\/hair-cosmetic-prodotti-parrucchieri-bellezza-bolzano-bozen-trentino-alto-adige-bz-loghi-partner3.jpg\" target=\"_self\"><img decoding=\"async\" src=\"http:\/\/www.haircosmetic.net\/wp-content\/uploads\/hair-cosmetic-prodotti-parrucchieri-bellezza-bolzano-bozen-trentino-alto-adige-bz-loghi-partner3.jpg\" alt=\"\"\/><\/a><\/div><\/div><\/li><li class=\"fusion-carousel-item\"><div class=\"fusion-carousel-item-wrapper\"><div class=\"fusion-image-wrapper hover-type-zoomin\"><a data-rel=\"iLightbox[image_carousel_1]\" href=\"http:\/\/www.haircosmetic.net\/wp-content\/uploads\/hair-cosmetic-prodotti-parrucchieri-bellezza-bolzano-bozen-trentino-alto-adige-bz-loghi-partner5.jpg\" target=\"_self\"><img decoding=\"async\" src=\"http:\/\/www.haircosmetic.net\/wp-content\/uploads\/hair-cosmetic-prodotti-parrucchieri-bellezza-bolzano-bozen-trentino-alto-adige-bz-loghi-partner5.jpg\" alt=\"\"\/><\/a><\/div><\/div><\/li><li class=\"fusion-carousel-item\"><div class=\"fusion-carousel-item-wrapper\"><div class=\"fusion-image-wrapper hover-type-zoomin\"><a data-rel=\"iLightbox[image_carousel_1]\" href=\"http:\/\/www.haircosmetic.net\/wp-content\/uploads\/hair-cosmetic-prodotti-parrucchieri-bellezza-bolzano-bozen-trentino-alto-adige-bz-loghi-partner6.jpg\" target=\"_self\"><img decoding=\"async\" src=\"http:\/\/www.haircosmetic.net\/wp-content\/uploads\/hair-cosmetic-prodotti-parrucchieri-bellezza-bolzano-bozen-trentino-alto-adige-bz-loghi-partner6.jpg\" alt=\"\"\/><\/a><\/div><\/div><\/li><li class=\"fusion-carousel-item\"><div class=\"fusion-carousel-item-wrapper\"><div class=\"fusion-image-wrapper hover-type-zoomin\"><a data-rel=\"iLightbox[image_carousel_1]\" href=\"http:\/\/www.haircosmetic.net\/wp-content\/uploads\/hair-cosmetic-prodotti-parrucchieri-bellezza-bolzano-bozen-trentino-alto-adige-bz-loghi-partner7.jpg\" target=\"_self\"><img decoding=\"async\" src=\"http:\/\/www.haircosmetic.net\/wp-content\/uploads\/hair-cosmetic-prodotti-parrucchieri-bellezza-bolzano-bozen-trentino-alto-adige-bz-loghi-partner7.jpg\" alt=\"\"\/><\/a><\/div><\/div><\/li><li class=\"fusion-carousel-item\"><div class=\"fusion-carousel-item-wrapper\"><div class=\"fusion-image-wrapper hover-type-zoomin\"><a data-rel=\"iLightbox[image_carousel_1]\" href=\"http:\/\/www.haircosmetic.net\/wp-content\/uploads\/hair-cosmetic-prodotti-parrucchieri-bellezza-bolzano-bozen-trentino-alto-adige-bz-loghi-partner9.jpg\" target=\"_self\"><img decoding=\"async\" src=\"http:\/\/www.haircosmetic.net\/wp-content\/uploads\/hair-cosmetic-prodotti-parrucchieri-bellezza-bolzano-bozen-trentino-alto-adige-bz-loghi-partner9.jpg\" alt=\"\"\/><\/a><\/div><\/div><\/li><li class=\"fusion-carousel-item\"><div class=\"fusion-carousel-item-wrapper\"><div class=\"fusion-image-wrapper hover-type-zoomin\"><a data-rel=\"iLightbox[image_carousel_1]\" href=\"http:\/\/www.haircosmetic.net\/wp-content\/uploads\/hair-cosmetic-prodotti-parrucchieri-bellezza-bolzano-bozen-trentino-alto-adige-bz-loghi-partner11.jpg\" target=\"_self\"><img decoding=\"async\" src=\"http:\/\/www.haircosmetic.net\/wp-content\/uploads\/hair-cosmetic-prodotti-parrucchieri-bellezza-bolzano-bozen-trentino-alto-adige-bz-loghi-partner11.jpg\" alt=\"\"\/><\/a><\/div><\/div><\/li><li class=\"fusion-carousel-item\"><div class=\"fusion-carousel-item-wrapper\"><div class=\"fusion-image-wrapper hover-type-zoomin\"><a data-rel=\"iLightbox[image_carousel_1]\" data-title=\"hair-cosmetic-prodotti-parrucchieri-bellezza-bolzano-bozen-trentino-alto-adige-bz-loghi-partner2\" aria-label=\"hair-cosmetic-prodotti-parrucchieri-bellezza-bolzano-bozen-trentino-alto-adige-bz-loghi-partner2\" href=\"https:\/\/www.haircosmetic.net\/wp-content\/uploads\/hair-cosmetic-prodotti-parrucchieri-bellezza-bolzano-bozen-trentino-alto-adige-bz-loghi-partner2-1.jpg\" target=\"_self\"><img decoding=\"async\" width=\"320\" height=\"202\" src=\"https:\/\/www.haircosmetic.net\/wp-content\/uploads\/hair-cosmetic-prodotti-parrucchieri-bellezza-bolzano-bozen-trentino-alto-adige-bz-loghi-partner2-1-320x202.jpg\" class=\"attachment-blog-medium size-blog-medium\" alt=\"\" \/><\/a><\/div><\/div><\/li><li class=\"fusion-carousel-item\"><div class=\"fusion-carousel-item-wrapper\"><div class=\"fusion-image-wrapper hover-type-zoomin\"><a data-rel=\"iLightbox[image_carousel_1]\" href=\"http:\/\/www.haircosmetic.net\/wp-content\/uploads\/hair-cosmetic-prodotti-parrucchieri-bellezza-bolzano-bozen-trentino-alto-adige-bz-loghi-partner14.jpg\" target=\"_self\"><img decoding=\"async\" src=\"http:\/\/www.haircosmetic.net\/wp-content\/uploads\/hair-cosmetic-prodotti-parrucchieri-bellezza-bolzano-bozen-trentino-alto-adige-bz-loghi-partner14.jpg\" alt=\"\"\/><\/a><\/div><\/div><\/li><li class=\"fusion-carousel-item\"><div class=\"fusion-carousel-item-wrapper\"><div class=\"fusion-image-wrapper hover-type-zoomin\"><a data-rel=\"iLightbox[image_carousel_1]\" href=\"http:\/\/www.haircosmetic.net\/wp-content\/uploads\/hair-cosmetic-prodotti-parrucchieri-bellezza-bolzano-bozen-trentino-alto-adige-bz-loghi-partner13.jpg\" target=\"_self\"><img decoding=\"async\" src=\"http:\/\/www.haircosmetic.net\/wp-content\/uploads\/hair-cosmetic-prodotti-parrucchieri-bellezza-bolzano-bozen-trentino-alto-adige-bz-loghi-partner13.jpg\" alt=\"\"\/><\/a><\/div><\/div><\/li><li class=\"fusion-carousel-item\"><div class=\"fusion-carousel-item-wrapper\"><div class=\"fusion-image-wrapper hover-type-zoomin\"><a data-rel=\"iLightbox[image_carousel_1]\" href=\"http:\/\/www.haircosmetic.net\/wp-content\/uploads\/hair-cosmetic-prodotti-parrucchieri-bellezza-bolzano-bozen-trentino-alto-adige-bz-loghi-partner15.jpg\" target=\"_self\"><img decoding=\"async\" src=\"http:\/\/www.haircosmetic.net\/wp-content\/uploads\/hair-cosmetic-prodotti-parrucchieri-bellezza-bolzano-bozen-trentino-alto-adige-bz-loghi-partner15.jpg\" alt=\"\"\/><\/a><\/div><\/div><\/li><li class=\"fusion-carousel-item\"><div class=\"fusion-carousel-item-wrapper\"><div class=\"fusion-image-wrapper hover-type-zoomin\"><a data-rel=\"iLightbox[image_carousel_1]\" data-title=\"hair-cosmetic-prodotti-parrucchieri-bellezza-bolzano-bozen-trentino-alto-adige-bz-loghi-partner18\" aria-label=\"hair-cosmetic-prodotti-parrucchieri-bellezza-bolzano-bozen-trentino-alto-adige-bz-loghi-partner18\" href=\"http:\/\/www.haircosmetic.net\/wp-content\/uploads\/hair-cosmetic-prodotti-parrucchieri-bellezza-bolzano-bozen-trentino-alto-adige-bz-loghi-partner18.jpg\" target=\"_self\"><img decoding=\"async\" width=\"320\" height=\"202\" src=\"https:\/\/www.haircosmetic.net\/wp-content\/uploads\/hair-cosmetic-prodotti-parrucchieri-bellezza-bolzano-bozen-trentino-alto-adige-bz-loghi-partner18-320x202.jpg\" class=\"attachment-blog-medium size-blog-medium\" alt=\"\" \/><\/a><\/div><\/div><\/li><li class=\"fusion-carousel-item\"><div class=\"fusion-carousel-item-wrapper\"><div class=\"fusion-image-wrapper hover-type-zoomin\"><a data-rel=\"iLightbox[image_carousel_1]\" data-title=\"hair-cosmetic-prodotti-parrucchieri-bellezza-bolzano-bozen-trentino-alto-adige-bz-loghi-partner17\" aria-label=\"hair-cosmetic-prodotti-parrucchieri-bellezza-bolzano-bozen-trentino-alto-adige-bz-loghi-partner17\" href=\"http:\/\/www.haircosmetic.net\/wp-content\/uploads\/hair-cosmetic-prodotti-parrucchieri-bellezza-bolzano-bozen-trentino-alto-adige-bz-loghi-partner17.jpg\" target=\"_self\"><img decoding=\"async\" width=\"320\" height=\"202\" src=\"https:\/\/www.haircosmetic.net\/wp-content\/uploads\/hair-cosmetic-prodotti-parrucchieri-bellezza-bolzano-bozen-trentino-alto-adige-bz-loghi-partner17-320x202.jpg\" class=\"attachment-blog-medium size-blog-medium\" alt=\"\" \/><\/a><\/div><\/div><\/li><li class=\"fusion-carousel-item\"><div class=\"fusion-carousel-item-wrapper\"><div class=\"fusion-image-wrapper hover-type-zoomin\"><a data-rel=\"iLightbox[image_carousel_1]\" data-title=\"hair-cosmetic-prodotti-parrucchieri-bellezza-bolzano-bozen-trentino-alto-adige-bz-loghi-partner19\" aria-label=\"hair-cosmetic-prodotti-parrucchieri-bellezza-bolzano-bozen-trentino-alto-adige-bz-loghi-partner19\" href=\"https:\/\/www.haircosmetic.net\/wp-content\/uploads\/hair-cosmetic-prodotti-parrucchieri-bellezza-bolzano-bozen-trentino-alto-adige-bz-loghi-partner19.jpg\" target=\"_self\"><img decoding=\"async\" width=\"320\" height=\"202\" src=\"https:\/\/www.haircosmetic.net\/wp-content\/uploads\/hair-cosmetic-prodotti-parrucchieri-bellezza-bolzano-bozen-trentino-alto-adige-bz-loghi-partner19-320x202.jpg\" class=\"attachment-blog-medium size-blog-medium\" alt=\"\" \/><\/a><\/div><\/div><\/li><li class=\"fusion-carousel-item\"><div class=\"fusion-carousel-item-wrapper\"><div class=\"fusion-image-wrapper hover-type-zoomin\"><a data-rel=\"iLightbox[image_carousel_1]\" data-title=\"hair-cosmetic-prodotti-parrucchieri-bellezza-bolzano-bozen-trentino-alto-adige-bz-loghi-partner18\" aria-label=\"hair-cosmetic-prodotti-parrucchieri-bellezza-bolzano-bozen-trentino-alto-adige-bz-loghi-partner18\" href=\"https:\/\/www.haircosmetic.net\/wp-content\/uploads\/hair-cosmetic-prodotti-parrucchieri-bellezza-bolzano-bozen-trentino-alto-adige-bz-loghi-partner18-1.jpg\" target=\"_self\"><img decoding=\"async\" width=\"320\" height=\"202\" src=\"https:\/\/www.haircosmetic.net\/wp-content\/uploads\/hair-cosmetic-prodotti-parrucchieri-bellezza-bolzano-bozen-trentino-alto-adige-bz-loghi-partner18-1-320x202.jpg\" class=\"attachment-blog-medium size-blog-medium\" alt=\"\" \/><\/a><\/div><\/div><\/li><\/ul><div class=\"fusion-carousel-nav\"><span class=\"fusion-nav-prev\"><\/span><span class=\"fusion-nav-next\"><\/span><\/div><\/div><\/div><\/div><div class=\"fusion-clearfix\"><\/div><\/div><\/div><\/div><\/div>\n","protected":false},"excerpt":{"rendered":"","protected":false},"author":2,"featured_media":0,"parent":0,"menu_order":0,"comment_status":"closed","ping_status":"closed","template":"100-width.php","meta":{"footnotes":""},"class_list":["post-1635","page","type-page","status-publish","hentry"],"yoast_head":"<!-- This site is optimized with the Yoast SEO plugin v24.0 - https:\/\/yoast.com\/wordpress\/plugins\/seo\/ -->\n<title>Home - Hair Cosmetic<\/title>\n<meta name=\"robots\" content=\"index, follow, max-snippet:-1, max-image-preview:large, max-video-preview:-1\" \/>\n<link rel=\"canonical\" href=\"https:\/\/www.haircosmetic.net\/de\" \/>\n<meta property=\"og:locale\" content=\"de_DE\" \/>\n<meta property=\"og:type\" content=\"article\" \/>\n<meta property=\"og:title\" content=\"Home - Hair Cosmetic\" \/>\n<meta property=\"og:url\" content=\"https:\/\/www.haircosmetic.net\/de\" \/>\n<meta property=\"og:site_name\" content=\"Hair Cosmetic\" \/>\n<meta property=\"article:modified_time\" content=\"2024-12-06T08:48:10+00:00\" \/>\n<meta name=\"twitter:card\" content=\"summary_large_image\" \/>\n<meta name=\"twitter:label1\" content=\"Gesch\u00e4tzte Lesezeit\" \/>\n\t<meta name=\"twitter:data1\" content=\"3 minutes\" \/>\n<script type=\"application\/ld+json\" class=\"yoast-schema-graph\">{\"@context\":\"https:\/\/schema.org\",\"@graph\":[{\"@type\":\"WebPage\",\"@id\":\"https:\/\/www.haircosmetic.net\/de\",\"url\":\"https:\/\/www.haircosmetic.net\/de\",\"name\":\"Home - Hair Cosmetic\",\"isPartOf\":{\"@id\":\"https:\/\/www.haircosmetic.net\/#website\"},\"datePublished\":\"2016-08-02T10:18:20+00:00\",\"dateModified\":\"2024-12-06T08:48:10+00:00\",\"breadcrumb\":{\"@id\":\"https:\/\/www.haircosmetic.net\/de#breadcrumb\"},\"inLanguage\":\"de-DE\",\"potentialAction\":[{\"@type\":\"ReadAction\",\"target\":[\"https:\/\/www.haircosmetic.net\/de\"]}]},{\"@type\":\"BreadcrumbList\",\"@id\":\"https:\/\/www.haircosmetic.net\/de#breadcrumb\",\"itemListElement\":[{\"@type\":\"ListItem\",\"position\":1,\"name\":\"Home\",\"item\":\"https:\/\/www.haircosmetic.net\/de\"},{\"@type\":\"ListItem\",\"position\":2,\"name\":\"Home\"}]},{\"@type\":\"WebSite\",\"@id\":\"https:\/\/www.haircosmetic.net\/#website\",\"url\":\"https:\/\/www.haircosmetic.net\/\",\"name\":\"Hair Cosmetic\",\"description\":\"\",\"potentialAction\":[{\"@type\":\"SearchAction\",\"target\":{\"@type\":\"EntryPoint\",\"urlTemplate\":\"https:\/\/www.haircosmetic.net\/?s={search_term_string}\"},\"query-input\":{\"@type\":\"PropertyValueSpecification\",\"valueRequired\":true,\"valueName\":\"search_term_string\"}}],\"inLanguage\":\"de-DE\"}]}<\/script>\n<!-- \/ Yoast SEO plugin. -->","yoast_head_json":{"title":"Home - Hair Cosmetic","robots":{"index":"index","follow":"follow","max-snippet":"max-snippet:-1","max-image-preview":"max-image-preview:large","max-video-preview":"max-video-preview:-1"},"canonical":"https:\/\/www.haircosmetic.net\/de","og_locale":"de_DE","og_type":"article","og_title":"Home - Hair Cosmetic","og_url":"https:\/\/www.haircosmetic.net\/de","og_site_name":"Hair Cosmetic","article_modified_time":"2024-12-06T08:48:10+00:00","twitter_card":"summary_large_image","twitter_misc":{"Gesch\u00e4tzte Lesezeit":"3 minutes"},"schema":{"@context":"https:\/\/schema.org","@graph":[{"@type":"WebPage","@id":"https:\/\/www.haircosmetic.net\/de","url":"https:\/\/www.haircosmetic.net\/de","name":"Home - Hair Cosmetic","isPartOf":{"@id":"https:\/\/www.haircosmetic.net\/#website"},"datePublished":"2016-08-02T10:18:20+00:00","dateModified":"2024-12-06T08:48:10+00:00","breadcrumb":{"@id":"https:\/\/www.haircosmetic.net\/de#breadcrumb"},"inLanguage":"de-DE","potentialAction":[{"@type":"ReadAction","target":["https:\/\/www.haircosmetic.net\/de"]}]},{"@type":"BreadcrumbList","@id":"https:\/\/www.haircosmetic.net\/de#breadcrumb","itemListElement":[{"@type":"ListItem","position":1,"name":"Home","item":"https:\/\/www.haircosmetic.net\/de"},{"@type":"ListItem","position":2,"name":"Home"}]},{"@type":"WebSite","@id":"https:\/\/www.haircosmetic.net\/#website","url":"https:\/\/www.haircosmetic.net\/","name":"Hair Cosmetic","description":"","potentialAction":[{"@type":"SearchAction","target":{"@type":"EntryPoint","urlTemplate":"https:\/\/www.haircosmetic.net\/?s={search_term_string}"},"query-input":{"@type":"PropertyValueSpecification","valueRequired":true,"valueName":"search_term_string"}}],"inLanguage":"de-DE"}]}},"_links":{"self":[{"href":"https:\/\/www.haircosmetic.net\/de\/wp-json\/wp\/v2\/pages\/1635","targetHints":{"allow":["GET"]}}],"collection":[{"href":"https:\/\/www.haircosmetic.net\/de\/wp-json\/wp\/v2\/pages"}],"about":[{"href":"https:\/\/www.haircosmetic.net\/de\/wp-json\/wp\/v2\/types\/page"}],"author":[{"embeddable":true,"href":"https:\/\/www.haircosmetic.net\/de\/wp-json\/wp\/v2\/users\/2"}],"replies":[{"embeddable":true,"href":"https:\/\/www.haircosmetic.net\/de\/wp-json\/wp\/v2\/comments?post=1635"}],"version-history":[{"count":11,"href":"https:\/\/www.haircosmetic.net\/de\/wp-json\/wp\/v2\/pages\/1635\/revisions"}],"predecessor-version":[{"id":1950,"href":"https:\/\/www.haircosmetic.net\/de\/wp-json\/wp\/v2\/pages\/1635\/revisions\/1950"}],"wp:attachment":[{"href":"https:\/\/www.haircosmetic.net\/de\/wp-json\/wp\/v2\/media?parent=1635"}],"curies":[{"name":"wp","href":"https:\/\/api.w.org\/{rel}","templated":true}]}}